{"id":378,"date":"2016-03-15T18:12:47","date_gmt":"2016-03-15T17:12:47","guid":{"rendered":"http:\/\/www.theater-fatal.de\/?page_id=378"},"modified":"2016-03-15T18:16:23","modified_gmt":"2016-03-15T17:16:23","slug":"willkommen","status":"publish","type":"page","link":"https:\/\/www.theater-fatal.de\/","title":{"rendered":"Willkommen"},"content":{"rendered":"<p><strong>Das erste &#8222;Mahl&#8220; war f\u00fcr das Theater FATAL am 1. September 1997.<\/strong><\/p>\n<p>Nach einigen Jahren der spannenden und kreativen Selbstfindung, in denen das Theater FATAL \u00fcber Rock-, Musik- und anderen Theaterformen seit 1991 auf den B\u00fchnen des Ruhrgebiets unterwegs war, sollte ein Ereignis die Akteure nicht mehr loslassen:<br \/>\nDie Er\u00f6ffnung des alle 2 Jahre stattfindenden Theaterfestivals der freien Hagener Theatergruppen stand mal wieder auf dem Plan.<\/p>\n<figure id=\"attachment_380\" aria-describedby=\"caption-attachment-380\" style=\"width: 200px\" class=\"wp-caption alignright\"><img loading=\"lazy\" decoding=\"async\" class=\"size-full wp-image-380\" src=\"http:\/\/www.theater-fatal.de\/wp-content\/uploads\/2016\/03\/bsanreise02.jpg\" alt=\"Opa geht voraus\" width=\"200\" height=\"307\" srcset=\"https:\/\/www.theater-fatal.de\/wp-content\/uploads\/2016\/03\/bsanreise02.jpg 200w, https:\/\/www.theater-fatal.de\/wp-content\/uploads\/2016\/03\/bsanreise02-195x300.jpg 195w\" sizes=\"auto, (max-width: 200px) 85vw, 200px\" \/><figcaption id=\"caption-attachment-380\" class=\"wp-caption-text\">Opa geht voraus<\/figcaption><\/figure>\n<p>Zu der Zeit arbeitete das Theater FATAL eng mit dem s\u00fcdafrikanischen Regisseur Eugene R.P. Johnson zusammen (es entstand mit ihm unter anderem die Produktion <strong>&#8222;<\/strong><strong>Die wahre\u00a0Heidi<\/strong><strong>&#8220; (1997)<\/strong>).<strong><br \/>\n<\/strong>Er hatte die Idee einen Er\u00f6ffnungsabend mit einem mehrg\u00e4ngigen Essen zu verbinden&#8230;und es wurde ein Riesenerfolg!<br \/>\nGar nicht so einfach f\u00fcr ca. 100 G\u00e4ste auf einem 2-Plattenherd zu kochen, zu servieren und nebenbei noch Theater zu spielen \ud83d\ude42<\/p>\n<p><!--more-->Die Akteure des Theaters FATAL und der Formation 8\u00bd, beschlossen danach, fortan gemeinsam zu erkunden, welche M\u00f6glichkeiten sich aus dem Zusammenspiel von Essen und Theater an verschiedenen Orten ergeben!<\/p>\n<p>Das nun fast \u201ezwanzigj\u00e4hrige Theatergelage\u201c begann mit dem Fest \u201eDie Nacht der langen Messer\u201c des Kulturamtes der Stadt Hagen.<br \/>\nGeburtsstunde auch f\u00fcr die <strong>Familie Lichtenburg<\/strong>. Sie feiert an langen Tafeln mit den G\u00e4sten \u2013 Geburtstage und Abschiede. Anni Lichtenburgs Partnerinstitut feiert unter dem Motto \u201eHerzschlag\u201c und Opas Busunternehmen \u201eReisefieber\u201c bleibt erfolgreich vor einem Lokal liegen.<br \/>\nAbsolut sehenswert war die nunmehr 5. Folge dieser so beliebten Familienserie:<br \/>\n&#8222;<strong>Brot &amp; Spielchen &#8211; Lichtenburgs Welttheater<\/strong>&#8222;.<\/p>\n<p><img loading=\"lazy\" decoding=\"async\" class=\"alignright size-full wp-image-382\" src=\"http:\/\/www.theater-fatal.de\/wp-content\/uploads\/2016\/03\/115-1503_IMG.jpg\" alt=\"115-1503_IMG\" width=\"250\" height=\"375\" srcset=\"https:\/\/www.theater-fatal.de\/wp-content\/uploads\/2016\/03\/115-1503_IMG.jpg 250w, https:\/\/www.theater-fatal.de\/wp-content\/uploads\/2016\/03\/115-1503_IMG-200x300.jpg 200w\" sizes=\"auto, (max-width: 250px) 85vw, 250px\" \/>Verw\u00f6hnt werden die G\u00e4ste an allen Abenden &#8211; kulinarisch. Getafelt wird in vielen Restaurants der Region. Ihre K\u00fcchen sind so vielf\u00e4ltig wie die Theaterabende.<\/p>\n<p>Dabei wird viel ausprobiert!<br \/>\nNeben den Feiern der Familie Lichtenburg stehen Theatertexte auf dem Plan: von Nestroys Volkstheater <strong>\u201eDer Zerrissene\u201c<\/strong> \u00fcber B\u00fcchners Lustspiel <strong>\u201eLeonce und Lena\u201c<\/strong> bis zu Shakespeares \u201eOthello\u201c, der zum Krimi wird \u2013 eben <strong>\u201et\u00f6temichmorgen\u201c<\/strong>!<br \/>\nEinfach <strong>\u201eLecker \u2013 Theater rund um den Tisch!\u201c<\/strong>..<\/p>\n<p>Ein Mahl, das durch den Magen und den Kopf geht, das Herz kr\u00e4ftig schlagen l\u00e4sst, den Gaumen und die Ohren verw\u00f6hnt, den Speichelfluss erh\u00f6ht, F\u00fc\u00dfe unter dem Tisch tanzen l\u00e4sst, handgreiflich werden l\u00e4sst, Mund und Augen \u00f6ffnet.<\/p>\n","protected":false},"excerpt":{"rendered":"<p>Das erste &#8222;Mahl&#8220; war f\u00fcr das Theater FATAL am 1. September 1997. Nach einigen Jahren der spannenden und kreativen Selbstfindung, in denen das Theater FATAL \u00fcber Rock-, Musik- und anderen Theaterformen seit 1991 auf den B\u00fchnen des Ruhrgebiets unterwegs war, sollte ein Ereignis die Akteure nicht mehr loslassen: Die Er\u00f6ffnung des alle 2 Jahre stattfindenden &hellip; <a href=\"https:\/\/www.theater-fatal.de\/\" class=\"more-link\"><span class=\"screen-reader-text\">\u201eWillkommen\u201c <\/span>weiterlesen<\/a><\/p>\n","protected":false},"author":1,"featured_media":0,"parent":0,"menu_order":0,"comment_status":"closed","ping_status":"closed","template":"","meta":{"footnotes":""},"class_list":["post-378","page","type-page","status-publish","hentry"],"_links":{"self":[{"href":"https:\/\/www.theater-fatal.de\/index.php?rest_route=\/wp\/v2\/pages\/378","targetHints":{"allow":["GET"]}}],"collection":[{"href":"https:\/\/www.theater-fatal.de\/index.php?rest_route=\/wp\/v2\/pages"}],"about":[{"href":"https:\/\/www.theater-fatal.de\/index.php?rest_route=\/wp\/v2\/types\/page"}],"author":[{"embeddable":true,"href":"https:\/\/www.theater-fatal.de\/index.php?rest_route=\/wp\/v2\/users\/1"}],"replies":[{"embeddable":true,"href":"https:\/\/www.theater-fatal.de\/index.php?rest_route=%2Fwp%2Fv2%2Fcomments&post=378"}],"version-history":[{"count":4,"href":"https:\/\/www.theater-fatal.de\/index.php?rest_route=\/wp\/v2\/pages\/378\/revisions"}],"predecessor-version":[{"id":439,"href":"https:\/\/www.theater-fatal.de\/index.php?rest_route=\/wp\/v2\/pages\/378\/revisions\/439"}],"wp:attachment":[{"href":"https:\/\/www.theater-fatal.de\/index.php?rest_route=%2Fwp%2Fv2%2Fmedia&parent=378"}],"curies":[{"name":"wp","href":"https:\/\/api.w.org\/{rel}","templated":true}]}}